{"id":202,"date":"2023-07-30T21:04:50","date_gmt":"2023-07-30T21:04:50","guid":{"rendered":"https:\/\/www.latiendasc.es\/?page_id=202"},"modified":"2023-07-30T21:04:50","modified_gmt":"2023-07-30T21:04:50","slug":"politica-de-cookies","status":"publish","type":"page","link":"https:\/\/www.latiendasc.es\/ca\/politica-de-cookies\/","title":{"rendered":"Pol\u00edtica de cookies"},"content":{"rendered":"<p>Qu\u00e8 s\u00f3n les cookies?<\/p>\n\n\n\n<p>Una cookie \u00e9s un fitxer que es descarrega en el seu ordinador en accedir a determinades<br>p\u00e0gines web. Les cookies permeten a una p\u00e0gina web, entre altres coses, emmagatzemar i<br>recuperar informaci\u00f3 sobre els h\u00e0bits de navegaci\u00f3 d'un usuari o del seu equip i,<br>depenent de la informaci\u00f3 que continguin i de la forma en qu\u00e8 utilitzi el seu equip,<br>poden utilitzar-se per a recon\u00e8ixer a l'usuari.<\/p>\n\n\n\n<p>Tipus de cookies Segons l'entitat que la gestiona:<\/p>\n\n\n\n<ul class=\"wp-block-list\">\n<li>Cookies pr\u00f2pies: S\u00f3n aquelles que s'envien a l'equip terminal de l'usuari des d'un equip o domini gestionat pel propi editor i des del qual es presta el servei sol\u00b7licitat per l'usuari.<\/li>\n\n\n\n<li>Cookies de tercer: S\u00f3n aquelles que s'envien a l'equip terminal de l'usuari des d'un equip o domini que no \u00e9s gestionat per l'editor, sin\u00f3 per una altra entitat que tracta les dades obtingudes trav\u00e9s de les cookies.<\/li>\n<\/ul>\n\n\n\n<p>Segons el termini de temps que romanen activades:<\/p>\n\n\n\n<ul class=\"wp-block-list\">\n<li>Cookies de sessi\u00f3: S\u00f3n un tipus de cookies dissenyades per a recaptar i emmagatzemar dades mentre l'usuari accedeix a una p\u00e0gina web.<\/li>\n\n\n\n<li>Cookies persistents: S\u00f3n un tipus de cookies en el qual les dades segueixen emmagatzemats en el terminal i poden ser accedits i tractats durant un per\u00edode definit pel responsable de la cookie, i que pot anar d'uns minuts a diversos anys.<\/li>\n<\/ul>\n\n\n\n<p>Segons la seva finalitat:<\/p>\n\n\n\n<ul class=\"wp-block-list\">\n<li>Cookies t\u00e8cniques: S\u00f3n aquelles que permeten a l'usuari la navegaci\u00f3 a trav\u00e9s d'una p\u00e0gina web, plataforma o aplicaci\u00f3 i la utilitzaci\u00f3 de les diferents opcions o serveis que en ella existeixin com, per exemple, controlar el tr\u00e0nsit i la comunicaci\u00f3 de dades, identificar la sessi\u00f3, accedir a parts d'acc\u00e9s restringit, recordar els elements que integren una comanda, realitzar el proc\u00e9s de compra d'una comanda, realitzar la sol\u00b7licitud d'inscripci\u00f3 o participaci\u00f3 en un esdeveniment, utilitzar elements de seguretat durant la navegaci\u00f3, emmagatzemar continguts per a la difusi\u00f3 de v\u00eddeos o so o compartir continguts a trav\u00e9s de xarxes socials.<\/li>\n\n\n\n<li>Cookies de personalitzaci\u00f3: S\u00f3n aquelles que permeten a l'usuari accedir al servei amb algunes caracter\u00edstiques de car\u00e0cter general predefinides en funci\u00f3 d'una s\u00e8rie de criteris en el terminal de l'usuari com per exemple serien l'idioma, el tipus de navegador a trav\u00e9s del qual accedeix al servei, la configuraci\u00f3 regional des d'on accedeix al servei, etc.<\/li>\n\n\n\n<li>Cookies d'an\u00e0lisis: S\u00f3n aquelles que ben tractades per nosaltres o per tercers, ens permeten quantificar el nombre d'usuaris i aix\u00ed realitzar el mesurament i an\u00e0lisi estad\u00edstica de la utilitzaci\u00f3 que fan els usuaris del servei ofert. Per a aix\u00f2 s'analitza la seva navegaci\u00f3 en la nostra p\u00e0gina web amb la finalitat de millorar l'oferta de productes o serveis que li oferim.<\/li>\n<\/ul>\n\n\n\n<p>Quins tipus de cookies utilitzem en aquesta p\u00e0gina web?<\/p>\n\n\n\n<p>(Cookies de Google)<\/p>\n\n\n\n<p>Google pot inserir cookies en la nostra web. Per a m\u00e9s informaci\u00f3 visiti el seg\u00fcent enlla\u00e7<\/p>\n\n\n\n<p><a href=\"https:\/\/www.google.es\/intl\/es\/policies\/technologies\/types\/\">https:\/\/www.google.es\/intl\/es\/policies\/technologies\/types\/<\/a><\/p>\n\n\n\n<p>Cookies de WordPress<\/p>\n\n\n\n<p>Wordpress utilitza cookies de seguiment i identificaci\u00f3. Per a m\u00e9s informaci\u00f3 visiti el seg\u00fcent<\/p>\n\n\n\n<p>Enlace&nbsp;<a href=\"https:\/\/automattic.com\/privacy\/\" target=\"_blank\" rel=\"noreferrer noopener\">https:\/\/automattic.com\/privacy\/<\/a><\/p>\n\n\n\n<p>Com revocar i eliminar les cookies?<\/p>\n\n\n\n<p>Vost\u00e8 pot permetre, bloquejar o eliminar les cookies instal\u00b7lades en el seu equip mitjan\u00e7ant la configuraci\u00f3 de les opcions del navegador instal\u00b7lat en el seu ordinador:<\/p>\n\n\n\n<p>Chrome, des de<\/p>\n\n\n\n<p><a href=\"http:\/\/support.google.com\/chrome\/bin\/answer.py?hl=es&amp;answer=95647\" target=\"_blank\" rel=\"noreferrer noopener\">http:\/\/support.google.com\/chrome\/bin\/answer.py?hl=es&amp;answer=95647<\/a><\/p>\n\n\n\n<p>Explorer, des de<\/p>\n\n\n\n<p><a href=\"http:\/\/windows.microsoft.com\/es-es\/windows7\/how-%20to-managecookies-in-%20internet-explorer-%209\" target=\"_blank\" rel=\"noreferrer noopener\">http:\/\/windows.microsoft.com\/es-es\/windows7\/how- to-managecookies-in- internet-explorer- 9<\/a><\/p>\n\n\n\n<p>Firefox, des de<\/p>\n\n\n\n<p><a href=\"http:\/\/support.mozilla.org\/es\/kb\/habilitar-y-%20deshabilitar-cookies-%20que-los-%20sitios-we\" target=\"_blank\" rel=\"noreferrer noopener\">http:\/\/support.mozilla.org\/es\/kb\/habilitar-y- deshabilitar-cookies- que-los- sitios-we<\/a><\/p>\n\n\n\n<p>Safari, des de<\/p>\n\n\n\n<p><a href=\"http:\/\/support.apple.com\/kb\/ph5042\" target=\"_blank\" rel=\"noreferrer noopener\">http:\/\/support.apple.com\/kb\/ph5042<\/a><\/p>","protected":false},"excerpt":{"rendered":"<p>\u00bfQu\u00e9 son las cookies? Una cookie es un fichero que se descarga en su ordenador al acceder a determinadasp\u00e1ginas web. Las cookies permiten a una p\u00e1gina web, entre otras cosas, almacenar yrecuperar informaci\u00f3n sobre los h\u00e1bitos de navegaci\u00f3n de un usuario o de su equipo y,dependiendo de la informaci\u00f3n que contengan y de la forma&hellip; <br \/> <a class=\"read-more\" href=\"https:\/\/www.latiendasc.es\/ca\/politica-de-cookies\/\">llegir mes<\/a><\/p>","protected":false},"author":1,"featured_media":0,"parent":0,"menu_order":0,"comment_status":"closed","ping_status":"closed","template":"","meta":{"footnotes":""},"class_list":["post-202","page","type-page","status-publish","hentry"],"_links":{"self":[{"href":"https:\/\/www.latiendasc.es\/ca\/wp-json\/wp\/v2\/pages\/202","targetHints":{"allow":["GET"]}}],"collection":[{"href":"https:\/\/www.latiendasc.es\/ca\/wp-json\/wp\/v2\/pages"}],"about":[{"href":"https:\/\/www.latiendasc.es\/ca\/wp-json\/wp\/v2\/types\/page"}],"author":[{"embeddable":true,"href":"https:\/\/www.latiendasc.es\/ca\/wp-json\/wp\/v2\/users\/1"}],"replies":[{"embeddable":true,"href":"https:\/\/www.latiendasc.es\/ca\/wp-json\/wp\/v2\/comments?post=202"}],"version-history":[{"count":1,"href":"https:\/\/www.latiendasc.es\/ca\/wp-json\/wp\/v2\/pages\/202\/revisions"}],"predecessor-version":[{"id":203,"href":"https:\/\/www.latiendasc.es\/ca\/wp-json\/wp\/v2\/pages\/202\/revisions\/203"}],"wp:attachment":[{"href":"https:\/\/www.latiendasc.es\/ca\/wp-json\/wp\/v2\/media?parent=202"}],"curies":[{"name":"wp","href":"https:\/\/api.w.org\/{rel}","templated":true}]}}