{"id":249,"date":"2023-07-31T07:38:32","date_gmt":"2023-07-31T07:38:32","guid":{"rendered":"https:\/\/www.latiendasc.es\/?page_id=249"},"modified":"2023-07-31T07:38:32","modified_gmt":"2023-07-31T07:38:32","slug":"nuestros-productos","status":"publish","type":"page","link":"https:\/\/www.latiendasc.es\/ca\/nuestros-productos\/","title":{"rendered":"Els nostres productes"},"content":{"rendered":"<p class=\"has-text-align-center has-medium-font-size\"><strong>Sostenibilitat i estil<\/strong><\/p>\n\n\n<div class=\"wp-block-image\">\n<figure class=\"aligncenter size-large\"><img loading=\"lazy\" decoding=\"async\" width=\"1024\" height=\"624\" src=\"https:\/\/www.latiendasc.es\/wp-content\/uploads\/2023\/07\/302593878_770597034353572_9198099214864077107_n-1024x624.jpg\" alt=\"\" class=\"wp-image-250\" srcset=\"https:\/\/www.latiendasc.es\/wp-content\/uploads\/2023\/07\/302593878_770597034353572_9198099214864077107_n-1024x624.jpg 1024w, https:\/\/www.latiendasc.es\/wp-content\/uploads\/2023\/07\/302593878_770597034353572_9198099214864077107_n-300x183.jpg 300w, https:\/\/www.latiendasc.es\/wp-content\/uploads\/2023\/07\/302593878_770597034353572_9198099214864077107_n-768x468.jpg 768w, https:\/\/www.latiendasc.es\/wp-content\/uploads\/2023\/07\/302593878_770597034353572_9198099214864077107_n-1536x936.jpg 1536w, https:\/\/www.latiendasc.es\/wp-content\/uploads\/2023\/07\/302593878_770597034353572_9198099214864077107_n.jpg 1635w\" sizes=\"auto, (max-width: 1024px) 100vw, 1024px\" \/><\/figure>\n<\/div>\n\n\n<p><\/p>\n\n\n\n<p>Les nostres samarretes org\u00e0niques s\u00f3n l'opci\u00f3 perfecta per a aquells que valoren la sostenibilitat i la qualitat. Dissenyades tant per a dones com per a homes, aquestes samarretes estan confeccionades amb cot\u00f3 100% org\u00e0nic d'alta qualitat, la qual cosa garanteix un producte respectu\u00f3s amb el medi ambient i suau al tacte.<\/p>\n\n\n\n<p>Amb un pes lleuger de 140 grams, les nostres samarretes s\u00f3n ideals per a usar en qualsevol estaci\u00f3 de l'any, brindant comoditat i frescor en cada \u00fas. El proc\u00e9s de pentinat del cot\u00f3 assegura que les fibres siguin m\u00e9s suaus i uniformes, la qual cosa es tradueix en una sensaci\u00f3 plaent en vestir-les i una major durabilitat.<\/p>\n\n\n\n<div class=\"wp-block-columns is-layout-flex wp-container-core-columns-is-layout-9d6595d7 wp-block-columns-is-layout-flex\">\n<div class=\"wp-block-column is-layout-flow wp-block-column-is-layout-flow\">\n<figure class=\"wp-block-image size-large\"><img loading=\"lazy\" decoding=\"async\" width=\"576\" height=\"1024\" src=\"https:\/\/www.latiendasc.es\/wp-content\/uploads\/2023\/07\/WhatsApp-Image-2023-07-30-at-20.11.56-9-576x1024.jpeg\" alt=\"\" class=\"wp-image-144\" srcset=\"https:\/\/www.latiendasc.es\/wp-content\/uploads\/2023\/07\/WhatsApp-Image-2023-07-30-at-20.11.56-9-576x1024.jpeg 576w, https:\/\/www.latiendasc.es\/wp-content\/uploads\/2023\/07\/WhatsApp-Image-2023-07-30-at-20.11.56-9-169x300.jpeg 169w, https:\/\/www.latiendasc.es\/wp-content\/uploads\/2023\/07\/WhatsApp-Image-2023-07-30-at-20.11.56-9-768x1365.jpeg 768w, https:\/\/www.latiendasc.es\/wp-content\/uploads\/2023\/07\/WhatsApp-Image-2023-07-30-at-20.11.56-9-864x1536.jpeg 864w, https:\/\/www.latiendasc.es\/wp-content\/uploads\/2023\/07\/WhatsApp-Image-2023-07-30-at-20.11.56-9-1024x1820.jpeg 1024w, https:\/\/www.latiendasc.es\/wp-content\/uploads\/2023\/07\/WhatsApp-Image-2023-07-30-at-20.11.56-9-608x1080.jpeg 608w, https:\/\/www.latiendasc.es\/wp-content\/uploads\/2023\/07\/WhatsApp-Image-2023-07-30-at-20.11.56-9.jpeg 1152w\" sizes=\"auto, (max-width: 576px) 100vw, 576px\" \/><\/figure>\n<\/div>\n\n\n\n<div class=\"wp-block-column is-layout-flow wp-block-column-is-layout-flow\">\n<figure class=\"wp-block-image size-large\"><img loading=\"lazy\" decoding=\"async\" width=\"576\" height=\"1024\" src=\"https:\/\/www.latiendasc.es\/wp-content\/uploads\/2023\/07\/WhatsApp-Image-2023-07-30-at-20.11.56-7-576x1024.jpeg\" alt=\"\" class=\"wp-image-142\" srcset=\"https:\/\/www.latiendasc.es\/wp-content\/uploads\/2023\/07\/WhatsApp-Image-2023-07-30-at-20.11.56-7-576x1024.jpeg 576w, https:\/\/www.latiendasc.es\/wp-content\/uploads\/2023\/07\/WhatsApp-Image-2023-07-30-at-20.11.56-7-169x300.jpeg 169w, https:\/\/www.latiendasc.es\/wp-content\/uploads\/2023\/07\/WhatsApp-Image-2023-07-30-at-20.11.56-7-768x1365.jpeg 768w, https:\/\/www.latiendasc.es\/wp-content\/uploads\/2023\/07\/WhatsApp-Image-2023-07-30-at-20.11.56-7-864x1536.jpeg 864w, https:\/\/www.latiendasc.es\/wp-content\/uploads\/2023\/07\/WhatsApp-Image-2023-07-30-at-20.11.56-7-1024x1820.jpeg 1024w, https:\/\/www.latiendasc.es\/wp-content\/uploads\/2023\/07\/WhatsApp-Image-2023-07-30-at-20.11.56-7-608x1080.jpeg 608w, https:\/\/www.latiendasc.es\/wp-content\/uploads\/2023\/07\/WhatsApp-Image-2023-07-30-at-20.11.56-7.jpeg 1152w\" sizes=\"auto, (max-width: 576px) 100vw, 576px\" \/><\/figure>\n<\/div>\n\n\n\n<div class=\"wp-block-column is-layout-flow wp-block-column-is-layout-flow\">\n<figure class=\"wp-block-image size-large\"><img loading=\"lazy\" decoding=\"async\" width=\"576\" height=\"1024\" src=\"https:\/\/www.latiendasc.es\/wp-content\/uploads\/2023\/07\/WhatsApp-Image-2023-07-30-at-20.11.56-4-576x1024.jpeg\" alt=\"\" class=\"wp-image-139\" srcset=\"https:\/\/www.latiendasc.es\/wp-content\/uploads\/2023\/07\/WhatsApp-Image-2023-07-30-at-20.11.56-4-576x1024.jpeg 576w, https:\/\/www.latiendasc.es\/wp-content\/uploads\/2023\/07\/WhatsApp-Image-2023-07-30-at-20.11.56-4-169x300.jpeg 169w, https:\/\/www.latiendasc.es\/wp-content\/uploads\/2023\/07\/WhatsApp-Image-2023-07-30-at-20.11.56-4-768x1365.jpeg 768w, https:\/\/www.latiendasc.es\/wp-content\/uploads\/2023\/07\/WhatsApp-Image-2023-07-30-at-20.11.56-4-864x1536.jpeg 864w, https:\/\/www.latiendasc.es\/wp-content\/uploads\/2023\/07\/WhatsApp-Image-2023-07-30-at-20.11.56-4-1024x1820.jpeg 1024w, https:\/\/www.latiendasc.es\/wp-content\/uploads\/2023\/07\/WhatsApp-Image-2023-07-30-at-20.11.56-4-608x1080.jpeg 608w, https:\/\/www.latiendasc.es\/wp-content\/uploads\/2023\/07\/WhatsApp-Image-2023-07-30-at-20.11.56-4.jpeg 1152w\" sizes=\"auto, (max-width: 576px) 100vw, 576px\" \/><\/figure>\n<\/div>\n<\/div>\n\n\n\n<p>A m\u00e9s, les nostres samarretes compten amb un certificat que avala el seu origen org\u00e0nic i sostenible. Aquest certificat \u00e9s una prova del nostre comprom\u00eds amb el respecte al medi ambient i el suport a pr\u00e0ctiques responsables en la ind\u00fastria t\u00e8xtil.<\/p>\n\n\n\n<p>En triar les nostres samarretes org\u00e0niques, no sols estar\u00e0s lluint un disseny modern i vers\u00e0til, sin\u00f3 que tamb\u00e9 estar\u00e0s contribuint positivament a cura del planeta i al benestar de les comunitats involucrades en la seva producci\u00f3.<\/p>\n\n\n\n<div class=\"wp-block-columns is-layout-flex wp-container-core-columns-is-layout-9d6595d7 wp-block-columns-is-layout-flex\">\n<div class=\"wp-block-column is-layout-flow wp-block-column-is-layout-flow\">\n<figure class=\"wp-block-image size-large\"><img loading=\"lazy\" decoding=\"async\" width=\"768\" height=\"1024\" src=\"https:\/\/www.latiendasc.es\/wp-content\/uploads\/2023\/07\/WhatsApp-Image-2023-07-30-at-20.11.55-6-768x1024.jpeg\" alt=\"\" class=\"wp-image-130\" srcset=\"https:\/\/www.latiendasc.es\/wp-content\/uploads\/2023\/07\/WhatsApp-Image-2023-07-30-at-20.11.55-6-768x1024.jpeg 768w, https:\/\/www.latiendasc.es\/wp-content\/uploads\/2023\/07\/WhatsApp-Image-2023-07-30-at-20.11.55-6-225x300.jpeg 225w, https:\/\/www.latiendasc.es\/wp-content\/uploads\/2023\/07\/WhatsApp-Image-2023-07-30-at-20.11.55-6-1152x1536.jpeg 1152w, https:\/\/www.latiendasc.es\/wp-content\/uploads\/2023\/07\/WhatsApp-Image-2023-07-30-at-20.11.55-6-1024x1365.jpeg 1024w, https:\/\/www.latiendasc.es\/wp-content\/uploads\/2023\/07\/WhatsApp-Image-2023-07-30-at-20.11.55-6-810x1080.jpeg 810w, https:\/\/www.latiendasc.es\/wp-content\/uploads\/2023\/07\/WhatsApp-Image-2023-07-30-at-20.11.55-6.jpeg 1536w\" sizes=\"auto, (max-width: 768px) 100vw, 768px\" \/><\/figure>\n<\/div>\n\n\n\n<div class=\"wp-block-column is-layout-flow wp-block-column-is-layout-flow\">\n<figure class=\"wp-block-image size-large\"><img loading=\"lazy\" decoding=\"async\" width=\"768\" height=\"1024\" src=\"https:\/\/www.latiendasc.es\/wp-content\/uploads\/2023\/07\/WhatsApp-Image-2023-07-30-at-20.11.55-7-768x1024.jpeg\" alt=\"\" class=\"wp-image-131\" srcset=\"https:\/\/www.latiendasc.es\/wp-content\/uploads\/2023\/07\/WhatsApp-Image-2023-07-30-at-20.11.55-7-768x1024.jpeg 768w, https:\/\/www.latiendasc.es\/wp-content\/uploads\/2023\/07\/WhatsApp-Image-2023-07-30-at-20.11.55-7-225x300.jpeg 225w, https:\/\/www.latiendasc.es\/wp-content\/uploads\/2023\/07\/WhatsApp-Image-2023-07-30-at-20.11.55-7-1152x1536.jpeg 1152w, https:\/\/www.latiendasc.es\/wp-content\/uploads\/2023\/07\/WhatsApp-Image-2023-07-30-at-20.11.55-7-1024x1365.jpeg 1024w, https:\/\/www.latiendasc.es\/wp-content\/uploads\/2023\/07\/WhatsApp-Image-2023-07-30-at-20.11.55-7-810x1080.jpeg 810w, https:\/\/www.latiendasc.es\/wp-content\/uploads\/2023\/07\/WhatsApp-Image-2023-07-30-at-20.11.55-7.jpeg 1536w\" sizes=\"auto, (max-width: 768px) 100vw, 768px\" \/><\/figure>\n<\/div>\n\n\n\n<div class=\"wp-block-column is-layout-flow wp-block-column-is-layout-flow\">\n<figure class=\"wp-block-image size-large\"><img loading=\"lazy\" decoding=\"async\" width=\"768\" height=\"1024\" src=\"https:\/\/www.latiendasc.es\/wp-content\/uploads\/2023\/07\/WhatsApp-Image-2023-07-30-at-20.11.55-9-768x1024.jpeg\" alt=\"\" class=\"wp-image-133\" srcset=\"https:\/\/www.latiendasc.es\/wp-content\/uploads\/2023\/07\/WhatsApp-Image-2023-07-30-at-20.11.55-9-768x1024.jpeg 768w, https:\/\/www.latiendasc.es\/wp-content\/uploads\/2023\/07\/WhatsApp-Image-2023-07-30-at-20.11.55-9-225x300.jpeg 225w, https:\/\/www.latiendasc.es\/wp-content\/uploads\/2023\/07\/WhatsApp-Image-2023-07-30-at-20.11.55-9-1152x1536.jpeg 1152w, https:\/\/www.latiendasc.es\/wp-content\/uploads\/2023\/07\/WhatsApp-Image-2023-07-30-at-20.11.55-9-1024x1365.jpeg 1024w, https:\/\/www.latiendasc.es\/wp-content\/uploads\/2023\/07\/WhatsApp-Image-2023-07-30-at-20.11.55-9-810x1080.jpeg 810w, https:\/\/www.latiendasc.es\/wp-content\/uploads\/2023\/07\/WhatsApp-Image-2023-07-30-at-20.11.55-9.jpeg 1536w\" sizes=\"auto, (max-width: 768px) 100vw, 768px\" \/><\/figure>\n<\/div>\n<\/div>\n\n\n\n<p>Uneix-te a la moda sostenible i descobreix el confort i estil de les nostres samarretes org\u00e0niques de 100% cot\u00f3 amb pentinat i certificat. \u00c9s moment de vestir amb consci\u00e8ncia i marcar la difer\u00e8ncia.<\/p>\n\n\n\n<div class=\"wp-block-columns is-layout-flex wp-container-core-columns-is-layout-9d6595d7 wp-block-columns-is-layout-flex\">\n<div class=\"wp-block-column is-layout-flow wp-block-column-is-layout-flow\">\n<figure class=\"wp-block-image size-large\"><img loading=\"lazy\" decoding=\"async\" width=\"819\" height=\"1024\" src=\"https:\/\/www.latiendasc.es\/wp-content\/uploads\/2023\/07\/319151970_2276225592538641_1816114910589196088_n-819x1024.jpg\" alt=\"\" class=\"wp-image-254\" srcset=\"https:\/\/www.latiendasc.es\/wp-content\/uploads\/2023\/07\/319151970_2276225592538641_1816114910589196088_n-819x1024.jpg 819w, https:\/\/www.latiendasc.es\/wp-content\/uploads\/2023\/07\/319151970_2276225592538641_1816114910589196088_n-240x300.jpg 240w, https:\/\/www.latiendasc.es\/wp-content\/uploads\/2023\/07\/319151970_2276225592538641_1816114910589196088_n-768x960.jpg 768w, https:\/\/www.latiendasc.es\/wp-content\/uploads\/2023\/07\/319151970_2276225592538641_1816114910589196088_n-1229x1536.jpg 1229w, https:\/\/www.latiendasc.es\/wp-content\/uploads\/2023\/07\/319151970_2276225592538641_1816114910589196088_n-1024x1280.jpg 1024w, https:\/\/www.latiendasc.es\/wp-content\/uploads\/2023\/07\/319151970_2276225592538641_1816114910589196088_n-864x1080.jpg 864w, https:\/\/www.latiendasc.es\/wp-content\/uploads\/2023\/07\/319151970_2276225592538641_1816114910589196088_n.jpg 1440w\" sizes=\"auto, (max-width: 819px) 100vw, 819px\" \/><\/figure>\n<\/div>\n\n\n\n<div class=\"wp-block-column is-layout-flow wp-block-column-is-layout-flow\">\n<figure class=\"wp-block-image size-large\"><img loading=\"lazy\" decoding=\"async\" width=\"825\" height=\"1024\" src=\"https:\/\/www.latiendasc.es\/wp-content\/uploads\/2023\/07\/336033492_2061011760912916_2154638888546946675_n-825x1024.jpg\" alt=\"\" class=\"wp-image-252\" srcset=\"https:\/\/www.latiendasc.es\/wp-content\/uploads\/2023\/07\/336033492_2061011760912916_2154638888546946675_n-825x1024.jpg 825w, https:\/\/www.latiendasc.es\/wp-content\/uploads\/2023\/07\/336033492_2061011760912916_2154638888546946675_n-242x300.jpg 242w, https:\/\/www.latiendasc.es\/wp-content\/uploads\/2023\/07\/336033492_2061011760912916_2154638888546946675_n-768x953.jpg 768w, https:\/\/www.latiendasc.es\/wp-content\/uploads\/2023\/07\/336033492_2061011760912916_2154638888546946675_n-1238x1536.jpg 1238w, https:\/\/www.latiendasc.es\/wp-content\/uploads\/2023\/07\/336033492_2061011760912916_2154638888546946675_n-1024x1270.jpg 1024w, https:\/\/www.latiendasc.es\/wp-content\/uploads\/2023\/07\/336033492_2061011760912916_2154638888546946675_n-870x1080.jpg 870w, https:\/\/www.latiendasc.es\/wp-content\/uploads\/2023\/07\/336033492_2061011760912916_2154638888546946675_n.jpg 1396w\" sizes=\"auto, (max-width: 825px) 100vw, 825px\" \/><\/figure>\n<\/div>\n\n\n\n<div class=\"wp-block-column is-layout-flow wp-block-column-is-layout-flow\">\n<figure class=\"wp-block-image size-large\"><img loading=\"lazy\" decoding=\"async\" width=\"819\" height=\"1024\" src=\"https:\/\/www.latiendasc.es\/wp-content\/uploads\/2023\/07\/343929114_910001430260328_6406546971352911214_n-819x1024.jpg\" alt=\"\" class=\"wp-image-253\" srcset=\"https:\/\/www.latiendasc.es\/wp-content\/uploads\/2023\/07\/343929114_910001430260328_6406546971352911214_n-819x1024.jpg 819w, https:\/\/www.latiendasc.es\/wp-content\/uploads\/2023\/07\/343929114_910001430260328_6406546971352911214_n-240x300.jpg 240w, https:\/\/www.latiendasc.es\/wp-content\/uploads\/2023\/07\/343929114_910001430260328_6406546971352911214_n-768x960.jpg 768w, https:\/\/www.latiendasc.es\/wp-content\/uploads\/2023\/07\/343929114_910001430260328_6406546971352911214_n-1229x1536.jpg 1229w, https:\/\/www.latiendasc.es\/wp-content\/uploads\/2023\/07\/343929114_910001430260328_6406546971352911214_n-1024x1280.jpg 1024w, https:\/\/www.latiendasc.es\/wp-content\/uploads\/2023\/07\/343929114_910001430260328_6406546971352911214_n-864x1080.jpg 864w, https:\/\/www.latiendasc.es\/wp-content\/uploads\/2023\/07\/343929114_910001430260328_6406546971352911214_n.jpg 1440w\" sizes=\"auto, (max-width: 819px) 100vw, 819px\" \/><\/figure>\n<\/div>\n<\/div>\n\n\n\n<p><\/p>","protected":false},"excerpt":{"rendered":"<p>Sostenibilidad y estilo Nuestras camisetas org\u00e1nicas son la opci\u00f3n perfecta para aquellos que valoran la sostenibilidad y la calidad. Dise\u00f1adas tanto para mujeres como para hombres, estas camisetas est\u00e1n confeccionadas con algod\u00f3n 100% org\u00e1nico de alta calidad, lo que garantiza un producto respetuoso con el medio ambiente y suave al tacto. Con un peso ligero&hellip; <br \/> <a class=\"read-more\" href=\"https:\/\/www.latiendasc.es\/ca\/nuestros-productos\/\">llegir mes<\/a><\/p>","protected":false},"author":1,"featured_media":0,"parent":0,"menu_order":0,"comment_status":"closed","ping_status":"closed","template":"","meta":{"footnotes":""},"class_list":["post-249","page","type-page","status-publish","hentry"],"_links":{"self":[{"href":"https:\/\/www.latiendasc.es\/ca\/wp-json\/wp\/v2\/pages\/249","targetHints":{"allow":["GET"]}}],"collection":[{"href":"https:\/\/www.latiendasc.es\/ca\/wp-json\/wp\/v2\/pages"}],"about":[{"href":"https:\/\/www.latiendasc.es\/ca\/wp-json\/wp\/v2\/types\/page"}],"author":[{"embeddable":true,"href":"https:\/\/www.latiendasc.es\/ca\/wp-json\/wp\/v2\/users\/1"}],"replies":[{"embeddable":true,"href":"https:\/\/www.latiendasc.es\/ca\/wp-json\/wp\/v2\/comments?post=249"}],"version-history":[{"count":3,"href":"https:\/\/www.latiendasc.es\/ca\/wp-json\/wp\/v2\/pages\/249\/revisions"}],"predecessor-version":[{"id":257,"href":"https:\/\/www.latiendasc.es\/ca\/wp-json\/wp\/v2\/pages\/249\/revisions\/257"}],"wp:attachment":[{"href":"https:\/\/www.latiendasc.es\/ca\/wp-json\/wp\/v2\/media?parent=249"}],"curies":[{"name":"wp","href":"https:\/\/api.w.org\/{rel}","templated":true}]}}