{"id":259,"date":"2023-07-31T07:53:29","date_gmt":"2023-07-31T07:53:29","guid":{"rendered":"https:\/\/www.latiendasc.es\/?page_id=259"},"modified":"2024-07-17T18:24:41","modified_gmt":"2024-07-17T18:24:41","slug":"quienes-somos","status":"publish","type":"page","link":"https:\/\/www.latiendasc.es\/ca\/quienes-somos\/","title":{"rendered":"Qui som"},"content":{"rendered":"<div class=\"wp-block-image\">\n<figure class=\"aligncenter size-medium\"><img loading=\"lazy\" decoding=\"async\" width=\"300\" height=\"237\" src=\"https:\/\/www.latiendasc.es\/wp-content\/uploads\/2023\/07\/cropped-logo-png-bk-300x237.png\" alt=\"\" class=\"wp-image-110\" srcset=\"https:\/\/www.latiendasc.es\/wp-content\/uploads\/2023\/07\/cropped-logo-png-bk-300x237.png 300w, https:\/\/www.latiendasc.es\/wp-content\/uploads\/2023\/07\/cropped-logo-png-bk-1024x809.png 1024w, https:\/\/www.latiendasc.es\/wp-content\/uploads\/2023\/07\/cropped-logo-png-bk-768x607.png 768w, https:\/\/www.latiendasc.es\/wp-content\/uploads\/2023\/07\/cropped-logo-png-bk-1536x1213.png 1536w, https:\/\/www.latiendasc.es\/wp-content\/uploads\/2023\/07\/cropped-logo-png-bk-2048x1618.png 2048w, https:\/\/www.latiendasc.es\/wp-content\/uploads\/2023\/07\/cropped-logo-png-bk-1367x1080.png 1367w\" sizes=\"auto, (max-width: 300px) 100vw, 300px\" \/><\/figure>\n<\/div>\n\n\n<div style=\"height:49px\" aria-hidden=\"true\" class=\"wp-block-spacer\"><\/div>\n\n\n\n<p class=\"has-text-align-center has-large-font-size\"><strong>Benvinguts a la Botiga SC!<\/strong><\/p>\n\n\n\n<div style=\"height:32px\" aria-hidden=\"true\" class=\"wp-block-spacer\"><\/div>\n\n\n\n<p>Abrimos La Tienda f\u00edsicamente en 2008 pero desde mucho antes ya dise\u00f1\u00e1bamos y vend\u00edamos nuestras camisetas. Hemos logrado hacer de nuestra pasi\u00f3n una forma de vida gracias a tod@s vodotr@s.<\/p>\n\n\n\n<p>La camiseta Santa Coloma Old School es un referente &nbsp;para l@s m\u00e1s beb\u00e9s \u201c La Baby School \u201c tambi\u00e9n para l@s ni\u00f1@s de \u201cLa New School\u201d y como no la \u201cOld School\u201d para los que hemos crecido.<\/p>\n\n\n\n<p>Luego han venido otras camisetas como SANTAKO NO ES BARCELONA que sigue siendo una de vuestras favoritas.&nbsp;<\/p>\n\n\n\n<p>No podemos sentir m\u00e1s orgullo y felicidad por la acogida que siguen teniendo.<\/p>\n\n\n\n<p>Continuamos &nbsp;creciendo e incorporando nuevos talentos a nuestro proyecto colaborando con dise\u00f1adores locales.<\/p>\n\n\n\n<p>&nbsp; Apostamos por la red comercial, cultural y vecinal de nuestra ciudad, creando sinergias y apoyando cualquier acci\u00f3n que converge con nuestra filosof\u00eda de vida.<\/p>\n\n\n\n<p class=\"has-text-align-center has-medium-font-size\"><strong>\u00a1Gracias por ser parte de&nbsp;nuestro&nbsp;viaje!<\/strong><\/p>\n\n\n\n<figure class=\"wp-block-image size-large\"><img loading=\"lazy\" decoding=\"async\" width=\"1024\" height=\"880\" src=\"https:\/\/www.latiendasc.es\/wp-content\/uploads\/2024\/07\/image_6487327-1024x880.jpg\" alt=\"\" class=\"wp-image-329\" srcset=\"https:\/\/www.latiendasc.es\/wp-content\/uploads\/2024\/07\/image_6487327-1024x880.jpg 1024w, https:\/\/www.latiendasc.es\/wp-content\/uploads\/2024\/07\/image_6487327-300x258.jpg 300w, https:\/\/www.latiendasc.es\/wp-content\/uploads\/2024\/07\/image_6487327-768x660.jpg 768w, https:\/\/www.latiendasc.es\/wp-content\/uploads\/2024\/07\/image_6487327-14x12.jpg 14w, https:\/\/www.latiendasc.es\/wp-content\/uploads\/2024\/07\/image_6487327.jpg 1085w\" sizes=\"auto, (max-width: 1024px) 100vw, 1024px\" \/><\/figure>","protected":false},"excerpt":{"rendered":"<p>\u00a1Bienvenidos a La Tienda SC! Abrimos La Tienda f\u00edsicamente en 2008 pero desde mucho antes ya dise\u00f1\u00e1bamos y vend\u00edamos nuestras camisetas. Hemos logrado hacer de nuestra pasi\u00f3n una forma de vida gracias a tod@s vodotr@s. La camiseta Santa Coloma Old School es un referente &nbsp;para l@s m\u00e1s beb\u00e9s \u201c La Baby School \u201c tambi\u00e9n para&hellip; <br \/> <a class=\"read-more\" href=\"https:\/\/www.latiendasc.es\/ca\/quienes-somos\/\">llegir mes<\/a><\/p>","protected":false},"author":1,"featured_media":0,"parent":0,"menu_order":0,"comment_status":"closed","ping_status":"closed","template":"","meta":{"footnotes":""},"class_list":["post-259","page","type-page","status-publish","hentry"],"_links":{"self":[{"href":"https:\/\/www.latiendasc.es\/ca\/wp-json\/wp\/v2\/pages\/259","targetHints":{"allow":["GET"]}}],"collection":[{"href":"https:\/\/www.latiendasc.es\/ca\/wp-json\/wp\/v2\/pages"}],"about":[{"href":"https:\/\/www.latiendasc.es\/ca\/wp-json\/wp\/v2\/types\/page"}],"author":[{"embeddable":true,"href":"https:\/\/www.latiendasc.es\/ca\/wp-json\/wp\/v2\/users\/1"}],"replies":[{"embeddable":true,"href":"https:\/\/www.latiendasc.es\/ca\/wp-json\/wp\/v2\/comments?post=259"}],"version-history":[{"count":11,"href":"https:\/\/www.latiendasc.es\/ca\/wp-json\/wp\/v2\/pages\/259\/revisions"}],"predecessor-version":[{"id":334,"href":"https:\/\/www.latiendasc.es\/ca\/wp-json\/wp\/v2\/pages\/259\/revisions\/334"}],"wp:attachment":[{"href":"https:\/\/www.latiendasc.es\/ca\/wp-json\/wp\/v2\/media?parent=259"}],"curies":[{"name":"wp","href":"https:\/\/api.w.org\/{rel}","templated":true}]}}