{"id":3,"date":"2023-07-29T11:49:19","date_gmt":"2023-07-29T11:49:19","guid":{"rendered":"https:\/\/www.latiendasc.es\/?page_id=3"},"modified":"2023-07-30T21:06:58","modified_gmt":"2023-07-30T21:06:58","slug":"aviso-legal","status":"publish","type":"page","link":"https:\/\/www.latiendasc.es\/ca\/aviso-legal\/","title":{"rendered":"Av\u00eds legal"},"content":{"rendered":"<p>El nom de domini www.latiendasc.es est\u00e0 registrat a favor de:<\/p>\n\n\n\n<p>REMEDIOS CORRAL RUBIO<\/p>\n\n\n\n<p>NIF 52405410W<\/p>\n\n\n\n<p>SANT CARLES, 7, 08922 SANTA COLOMA DE GRAMENET<\/p>\n\n\n\n<ol class=\"wp-block-list\">\n<li>La web www.latiendasc.es t\u00e9 per objecte facilitar, al p\u00fablic en general, informaci\u00f3 sobre els serveis de venda de roba prestats per la companyia.<\/li>\n\n\n\n<li>Els drets de propietat intel\u00b7lectual del web www.latiendasc.es, el seu codi font, disseny, estructura de navegaci\u00f3, especificacions de serveis i els diferents elements en ell continguts s\u00f3n titularitat de REMEDIOS CORRAL RUBIO, a qui correspon l'exercici exclusiu dels drets d'explotaci\u00f3 dels mateixos en qualsevol forma i, especialment, els drets de reproducci\u00f3, distribuci\u00f3, comunicaci\u00f3 p\u00fablica i transformaci\u00f3.<\/li>\n\n\n\n<li>Aquestes condicions generals regulen l'acc\u00e9s i utilitzaci\u00f3 del lloc web www.latiendasc.es que REMEDIOS CORRAL RUBIO posa gratu\u00eftament a la disposici\u00f3 dels usuaris d'Internet. L'acc\u00e9s al mateix implica la seva acceptaci\u00f3 sense reserves.<\/li>\n\n\n\n<li>S'autoritza la visualitzaci\u00f3, impressi\u00f3 i desc\u00e0rrega parcial del contingut de la web nom\u00e9s i exclusivament si concorren les seg\u00fcents condicions: 1) Que sigui compatible amb els objectius de la web de www.latiendasc.es. 2) Que es realitzi amb l'exclusiu \u00e0nim d'obtenir la informaci\u00f3 continguda per a \u00fas personal i privat. Es prohibeix expressament la seva utilitzaci\u00f3 amb finalitats comercials o per a la seva distribuci\u00f3, comunicaci\u00f3 p\u00fablica, transformaci\u00f3 o donis compilaci\u00f3 sense el consentiment expr\u00e9s de REMEDIOS CORRAL RUBIO.<\/li>\n\n\n\n<li>Tant l'acc\u00e9s a aquest web com l'\u00fas que pugui fer-se de la informaci\u00f3 continguda en el mateix \u00e9s de l'exclusiva responsabilitat de qui el realitza. REMEDIOS CORRAL RUBIO no respondr\u00e0 de cap conseq\u00fc\u00e8ncia, mal o perjudici que poguessin derivar-se d'aquest acc\u00e9s o \u00fas de la informaci\u00f3. REMEDIOS CORRAL RUBIO no es fa responsable dels possibles errors de seguretat que es puguin produir ni dels possibles danys que puguin causar-se al sistema inform\u00e0tic de l'usuari (maquinari i programari), els fitxers o documents emmagatzemats en aquest, a conseq\u00fc\u00e8ncia de la pres\u00e8ncia de virus en l'ordinador de l'usuari utilitzat per a la connexi\u00f3 als serveis i continguts de la web, d'un mal funcionament del navegador o de l'\u00fas de versions no actualitzades d'aquest.<br><br>REMEDIOS CORRAL RUBIO no assumeix cap responsabilitat derivada de la concessi\u00f3 o continguts dels enlla\u00e7os de tercers als quals es fa refer\u00e8ncia en la web, ni garanteix l'abs\u00e8ncia de virus o altres elements en els mateixos que puguin produir alteracions en el sistema inform\u00e0tic (maquinari i programari), els documents o els fitxers de l'usuari, excloent qualsevol responsabilitat pels danys de qualsevol classe causats a l'usuari per aquest motiu.<br><br>REMEDIOS CORRAL RUBIO tampoc es responsabilitza de qualsevol mal o perjudici derivat de circumst\u00e0ncies de for\u00e7a major, com, per exemple: error en les l\u00ednies de comunicacions, fallades en la xarxa d'Internet (de connexi\u00f3, en les p\u00e0gines enlla\u00e7ades).<br><br>REMEDIOS CORRAL RUBIO no pot garantir que la p\u00e0gina web vagi a funcionar constant, fiable i correctament, sense demores o interrupcions.<\/li>\n\n\n\n<li>La utilitzaci\u00f3 no autoritzada de la informaci\u00f3 continguda en aquesta web, la seva revenda, aix\u00ed com la lesi\u00f3 dels drets de Propietat Intel\u00b7lectual o Industrial de REMEDIOS CORRAL RUBIO, donar\u00e0 lloc a l'inici de les accions legals que siguin pertinents amb l'objectiu d'exigir les responsabilitats legalment establertes.<\/li>\n\n\n\n<li>LOPD \u2013 Ley Org\u00e1nica de Protecci\u00f3n de Datos de Car\u00e1cter Personal.<br>LOPD \u2013 Llei org\u00e0nica de Protecci\u00f3 de Dades de Car\u00e0cter Personal.\nwww.latiendasc.es posa a la disposici\u00f3 de l'usuari un formulari i un servei de missatgeria instant\u00e0nia perqu\u00e8 l'usuari pugui fer arribar les seves consultes. Quan l'usuari utilitza aquest mitj\u00e0 per a contactar amb nosaltres est\u00e0 acceptant de manera expressa que les dades que ens faciliti quedin incorporats en un fitxer propietat de REMEDIOS CORRAL RUBIO, degudament inscrit en el Registre General de Protecci\u00f3 de Dades de l'Ag\u00e8ncia Espanyola de Protecci\u00f3 de Dades (AEPD), per a atendre i donar resposta a aquestes consultes. En qualsevol cas, l'usuari respondr\u00e0 de la veracitat de les dades facilitades i es presumir\u00e0 que el que ha fet arribar les dades \u00e9s el titular d'aquests. L'usuari, a m\u00e9s, ent\u00e9n i \u00e9s conscient que el correu electr\u00f2nic no \u00e9s un mitj\u00e0 segur per a facilitar informaci\u00f3 que revista un car\u00e0cter especialment confidencial.<br><br>REMEDIOS CORRAL RUBIO tractar\u00e0 i custodiar\u00e0 les dades personals rebudes a trav\u00e9s de la p\u00e0gina web en total secret, garantint la seva confidencialitat, i adoptar\u00e0 les mesures t\u00e8cniques necess\u00e0ries i adequades per a evitar qualsevol alteraci\u00f3, p\u00e8rdua, mal \u00fas, sostracci\u00f3 o tractament i\/o accessos no autoritzats. Aix\u00ed mateix, aquestes dades no seran cedits ni es donar\u00e0 acc\u00e9s en cap moment a terceres entitats sense mediar consentiment expr\u00e9s per part de l'afectat. L'usuari podr\u00e0 accedir, rectificar, cancel\u00b7lar les seves dades en qualsevol moment exercitant els seus drets davant el responsable del Fitxer: REMEDIOS CORRAL RUBIO, SANT CARLES, 7, 08922 SANTA COLOMA DE GRAMENET, o al Correu-e: latiendasc@gmail.com.<br><br>REMEDIOS CORRAL RUBIO no utilitza t\u00e8cniques de \u00abspamming\u00bb i \u00fanicament tractar\u00e0 les dades que l'usuari transmeti a trav\u00e9s dels correus electr\u00f2nics habilitats en aquesta p\u00e0gina web per a donar resposta a les seves consultes.<\/li>\n\n\n\n<li>REMEDIOS CORRAL RUBIO es reserva la facultat d'efectuar, en qualsevol moment i sense necessitat de previ av\u00eds, modificacions i actualitzacions de la informaci\u00f3 continguda en el seu web o en la configuraci\u00f3 i presentaci\u00f3 d'aquesta mateixa.<br><br>REMEDIOS CORRAL RUBIO es reserva el dret a modificar la present pol\u00edtica de privacitat amb l'objectiu d'adaptar-la a les possibles novetats legislatives, aix\u00ed com a les quals es puguin derivar dels codis tipus existents en la mat\u00e8ria o per motius estrat\u00e8gics o corporatius. Tot aix\u00f2, sense perjudici de reclamar el consentiment necessari dels afectats per a realitzar els tractaments requerits, quan aquest consentiment no es consideri atorgat en funci\u00f3 dels termes de la present pol\u00edtica de privacitat. Aquestes modificacions s'inclouran de forma destacada en el Site www.latiendasc.es de manera visible i accessible a tots els usuaris.<\/li>\n\n\n\n<li>L'usuari accepta que la legislaci\u00f3 aplicable i els Jutjats i Tribunals competents per a con\u00e8ixer de les diverg\u00e8ncies derivades de la interpretaci\u00f3 o aplicaci\u00f3 d'aquest clausulat s\u00f3n els espanyols, i se sotmet, amb ren\u00fancia expressa a qualsevol altre fur, als jutjats i tribunals de la ciutat de SANTA COLOMA DE GRAMENET.<\/li>\n<\/ol>","protected":false},"excerpt":{"rendered":"<p>El nombre de dominio www.latiendasc.es est\u00e1 registrado a favor de: REMEDIOS CORRAL RUBIO NIF 52405410W SANT CARLES, 7, 08922 SANTA COLOMA DE GRAMENET<\/p>","protected":false},"author":1,"featured_media":0,"parent":0,"menu_order":0,"comment_status":"closed","ping_status":"closed","template":"","meta":{"footnotes":""},"class_list":["post-3","page","type-page","status-publish","hentry"],"_links":{"self":[{"href":"https:\/\/www.latiendasc.es\/ca\/wp-json\/wp\/v2\/pages\/3","targetHints":{"allow":["GET"]}}],"collection":[{"href":"https:\/\/www.latiendasc.es\/ca\/wp-json\/wp\/v2\/pages"}],"about":[{"href":"https:\/\/www.latiendasc.es\/ca\/wp-json\/wp\/v2\/types\/page"}],"author":[{"embeddable":true,"href":"https:\/\/www.latiendasc.es\/ca\/wp-json\/wp\/v2\/users\/1"}],"replies":[{"embeddable":true,"href":"https:\/\/www.latiendasc.es\/ca\/wp-json\/wp\/v2\/comments?post=3"}],"version-history":[{"count":1,"href":"https:\/\/www.latiendasc.es\/ca\/wp-json\/wp\/v2\/pages\/3\/revisions"}],"predecessor-version":[{"id":204,"href":"https:\/\/www.latiendasc.es\/ca\/wp-json\/wp\/v2\/pages\/3\/revisions\/204"}],"wp:attachment":[{"href":"https:\/\/www.latiendasc.es\/ca\/wp-json\/wp\/v2\/media?parent=3"}],"curies":[{"name":"wp","href":"https:\/\/api.w.org\/{rel}","templated":true}]}}