{"id":36,"date":"2023-07-29T18:57:14","date_gmt":"2023-07-29T18:57:14","guid":{"rendered":"https:\/\/www.latiendasc.es\/?page_id=36"},"modified":"2024-07-17T18:19:32","modified_gmt":"2024-07-17T18:19:32","slug":"eventos","status":"publish","type":"page","link":"https:\/\/www.latiendasc.es\/ca\/eventos\/","title":{"rendered":"ESDEVENIMENTS"},"content":{"rendered":"<p class=\"has-text-align-center has-medium-font-size\"><strong>Desfilada Infantil 2023<\/strong><\/p>\n\n\n\n<p>La Desfilada Infantil \u201cocurre una vez al a\u00f1o en la puerta de La Tienda, en ella l@s mas peques pueden desfilar por la alfombra roja con la magia que solo ell@s tienen.&nbsp;<\/p>\n\n\n\n<p>Es una tarde muy especial y esperada donde tod@s podemos &nbsp;hacer algo en com\u00fan y disfrutar de junt@s.<\/p>\n\n\n\n<p><\/p>\n\n\n\n<figure class=\"wp-block-embed is-type-video is-provider-youtube wp-block-embed-youtube wp-embed-aspect-16-9 wp-has-aspect-ratio\"><div class=\"wp-block-embed__wrapper\">\n<div class='embed-container'><iframe loading=\"lazy\" title=\"Desfilada infantil 2023 La tienda SC\" width=\"1920\" height=\"1080\" src=\"https:\/\/www.youtube.com\/embed\/6AI5JxtbBCQ?feature=oembed\" frameborder=\"0\" allow=\"accelerometer; autoplay; clipboard-write; encrypted-media; gyroscope; picture-in-picture; web-share\" referrerpolicy=\"strict-origin-when-cross-origin\" allowfullscreen><\/iframe><\/div>\n<\/div><\/figure>\n\n\n\n<div style=\"height:36px\" aria-hidden=\"true\" class=\"wp-block-spacer\"><\/div>\n\n\n\n<p class=\"has-text-align-center\"><strong>Signatures de llibres i concerts<\/strong><\/p>\n\n\n\n<p>Les signatures de llibres s\u00f3n moments especials on convidem a talentosos escriptors i escriptores de la nostra ciutat per a compartir les seves obres amb els nostres clients i seguidors. \u00c9s una oportunitat \u00fanica per a con\u00e8ixer als autors darrere de les hist\u00f2ries i submergir-nos en els seus mons literaris. Aquestes sessions de signatura de llibres s\u00f3n \u00edntimes i enriquidores, permetent-nos donar suport i celebrar el talent literari local.<\/p>\n\n\n\n<div style=\"height:29px\" aria-hidden=\"true\" class=\"wp-block-spacer\"><\/div>\n\n\n<div class=\"wp-block-image\">\n<figure class=\"aligncenter size-large\"><img loading=\"lazy\" decoding=\"async\" width=\"1024\" height=\"678\" src=\"https:\/\/www.latiendasc.es\/wp-content\/uploads\/2023\/07\/P6080205-2-1024x678.jpg\" alt=\"\" class=\"wp-image-90\" srcset=\"https:\/\/www.latiendasc.es\/wp-content\/uploads\/2023\/07\/P6080205-2-1024x678.jpg 1024w, https:\/\/www.latiendasc.es\/wp-content\/uploads\/2023\/07\/P6080205-2-300x198.jpg 300w, https:\/\/www.latiendasc.es\/wp-content\/uploads\/2023\/07\/P6080205-2-768x508.jpg 768w, https:\/\/www.latiendasc.es\/wp-content\/uploads\/2023\/07\/P6080205-2-1536x1016.jpg 1536w, https:\/\/www.latiendasc.es\/wp-content\/uploads\/2023\/07\/P6080205-2-1632x1080.jpg 1632w, https:\/\/www.latiendasc.es\/wp-content\/uploads\/2023\/07\/P6080205-2.jpg 2048w\" sizes=\"auto, (max-width: 1024px) 100vw, 1024px\" \/><\/figure>\n<\/div>\n\n\n<div style=\"height:61px\" aria-hidden=\"true\" class=\"wp-block-spacer\"><\/div>\n\n\n\n<p>D'altra banda, els nostres concerts al carrer s\u00f3n vibrants i plens d'energia. Convidem a m\u00fasics i bandes locals perqu\u00e8 es presentin en escenaris a l'aire lliure i comparteixin la seva m\u00fasica amb tots els assistents. Aquests esdeveniments creen una atmosfera festiva i ens permeten gaudir de la m\u00fasica en companyia de la nostra comunitat. Els concerts al carrer s\u00f3n una oportunitat per a celebrar la m\u00fasica local, descobrir nous talents i unir-nos a trav\u00e9s d'una passi\u00f3 compartida per la m\u00fasica.<\/p>\n\n\n\n<div style=\"height:61px\" aria-hidden=\"true\" class=\"wp-block-spacer\"><\/div>\n\n\n<div class=\"wp-block-image\">\n<figure class=\"aligncenter size-large\"><img loading=\"lazy\" decoding=\"async\" width=\"1061\" height=\"597\" src=\"https:\/\/www.latiendasc.es\/wp-content\/uploads\/2023\/07\/62078118_2613974941995178_1370650190163214336_n-edited.jpg\" alt=\"\" class=\"wp-image-282\" srcset=\"https:\/\/www.latiendasc.es\/wp-content\/uploads\/2023\/07\/62078118_2613974941995178_1370650190163214336_n-edited.jpg 1061w, https:\/\/www.latiendasc.es\/wp-content\/uploads\/2023\/07\/62078118_2613974941995178_1370650190163214336_n-edited-300x169.jpg 300w, https:\/\/www.latiendasc.es\/wp-content\/uploads\/2023\/07\/62078118_2613974941995178_1370650190163214336_n-edited-1024x576.jpg 1024w, https:\/\/www.latiendasc.es\/wp-content\/uploads\/2023\/07\/62078118_2613974941995178_1370650190163214336_n-edited-768x432.jpg 768w\" sizes=\"auto, (max-width: 1061px) 100vw, 1061px\" \/><\/figure>\n<\/div>\n\n\n<p>Los Aniversarios de La \u00a0Tienda los celebramos como merecen, m\u00fasica en directo en la calle, contando para ello con m\u00fasicos o \u00a0bandas locales que hacen las delicias de l@s asistentes.<\/p>","protected":false},"excerpt":{"rendered":"<p>Desfilada Infantil 2023 La Desfilada Infantil \u201cocurre una vez al a\u00f1o en la puerta de La Tienda, en ella l@s mas peques pueden desfilar por la alfombra roja con la magia que solo ell@s tienen.&nbsp; Es una tarde muy especial y esperada donde tod@s podemos &nbsp;hacer algo en com\u00fan y disfrutar de junt@s. Firmas de&hellip; <br \/> <a class=\"read-more\" href=\"https:\/\/www.latiendasc.es\/ca\/eventos\/\">llegir mes<\/a><\/p>","protected":false},"author":1,"featured_media":0,"parent":0,"menu_order":0,"comment_status":"closed","ping_status":"closed","template":"","meta":{"footnotes":""},"class_list":["post-36","page","type-page","status-publish","hentry"],"_links":{"self":[{"href":"https:\/\/www.latiendasc.es\/ca\/wp-json\/wp\/v2\/pages\/36","targetHints":{"allow":["GET"]}}],"collection":[{"href":"https:\/\/www.latiendasc.es\/ca\/wp-json\/wp\/v2\/pages"}],"about":[{"href":"https:\/\/www.latiendasc.es\/ca\/wp-json\/wp\/v2\/types\/page"}],"author":[{"embeddable":true,"href":"https:\/\/www.latiendasc.es\/ca\/wp-json\/wp\/v2\/users\/1"}],"replies":[{"embeddable":true,"href":"https:\/\/www.latiendasc.es\/ca\/wp-json\/wp\/v2\/comments?post=36"}],"version-history":[{"count":4,"href":"https:\/\/www.latiendasc.es\/ca\/wp-json\/wp\/v2\/pages\/36\/revisions"}],"predecessor-version":[{"id":325,"href":"https:\/\/www.latiendasc.es\/ca\/wp-json\/wp\/v2\/pages\/36\/revisions\/325"}],"wp:attachment":[{"href":"https:\/\/www.latiendasc.es\/ca\/wp-json\/wp\/v2\/media?parent=36"}],"curies":[{"name":"wp","href":"https:\/\/api.w.org\/{rel}","templated":true}]}}