{"id":6,"date":"2023-07-29T12:32:04","date_gmt":"2023-07-29T12:32:04","guid":{"rendered":"https:\/\/www.latiendasc.es\/mesmerize-pro\/"},"modified":"2025-02-26T16:13:13","modified_gmt":"2025-02-26T16:13:13","slug":"mesmerize-pro","status":"publish","type":"page","link":"https:\/\/www.latiendasc.es\/ca\/","title":{"rendered":"Front Page"},"content":{"rendered":"<div  id=\"quienes-somos\" style=\"background-color: rgb(255, 255, 255); background-image: none;\" data-label=\"Quienes somos\" data-id=\"about-1\" data-export-id=\"about-1\" data-category=\"about\" class=\"about-1 content-section\"><div  class=\"gridContainer\"> <div  class=\"row text-center\"><div  class=\"section-title-col\" data-type=\"column\"> <h5  class=\"\">QUI SOM<\/h5> <h2  class=\"\">La Tienda SC<\/h2> <p  class=\"lead\">La nostra hist\u00f2ria de passi\u00f3 per la m\u00fasica i la moda alternativa a Santa Coloma de Gramenet.<\/p><\/div> <\/div> <div  class=\"row\"> <div  class=\"button-holder space-bottom space-bottom-small\" data-type=\"column\"><a  class=\"button color1\" href=\"https:\/\/www.latiendasc.es\/ca\/quienes-somos\/\" target=\"_self\" data-cp-link=\"1\" data-icon=\"\" rel=\"noopener\">La nostra hist\u00f2ria<\/a> <\/div> <div  class=\"col-xs bottom-xs flexbox image-group-bottom-3-img space-bottom-xs center-xs\"> <img  decoding=\"async\" class=\"left-img shadow-large-black\" data-size=\"500x300\" src=\"https:\/\/www.latiendasc.es\/wp-content\/uploads\/2023\/07\/cropped-P8010229.jpg\" title=\"OLYMPUS DIGITAL CAMERA\" alt=\"\"> <img  decoding=\"async\" class=\"center-img shadow-large-black\" data-size=\"500x300\" src=\"https:\/\/www.latiendasc.es\/wp-content\/uploads\/2024\/07\/cropped-image_6487327.jpg\" title=\"cropped-image_6487327.jpg\" alt=\"\"> <img  decoding=\"async\" class=\"right-img shadow-large-black\" data-size=\"500x300\" src=\"https:\/\/www.latiendasc.es\/wp-content\/uploads\/2023\/07\/cropped-P8010236.jpg\" title=\"OLYMPUS DIGITAL CAMERA\" alt=\"\"><\/div> <\/div><\/div> <\/div><div  data-label=\"About\" data-id=\"about--1\" data-export-id=\"about-4\" data-category=\"about\" class=\"about-4 content-section content-section-spacing\" id=\"about-1\" style=\"background-color: rgba(144, 51, 255, 0.345); background-image: none;\"><div  class=\"gridContainer\"> <div  class=\"row middle-sm text-center\"><div  class=\"col-sm-5 space-bottom-xs\" data-type=\"column\">  <h2  class=\"\">La Tienda SC se renueva<\/h2> <p  class=\"\">Casi todos nuestros productos favoritos ahora en tienda online. \u00bfQu\u00e9 esperas para comenzar a comprar?<\/p> <a  class=\"button color1\" href=\"https:\/\/www.shop.latiendasc.es\" target=\"_self\" data-cp-link=\"1\" data-icon=\"\" rel=\"noopener\">\u00a1Entra YA!<\/a><\/div> <div  class=\"col-sm-7 flexbox center-xs middle-xs image-group-2-img\"> <img  decoding=\"async\" class=\"img-1 shadow-large\" data-size=\"250x200\" src=\"https:\/\/www.latiendasc.es\/wp-content\/uploads\/2024\/05\/cropped-DSC04049-Enhanced-NR.jpg\" title=\"cropped-DSC04049-Enhanced-NR.jpg\" alt=\"\"> <img  decoding=\"async\" class=\"img-2 shadow-large\" data-size=\"220x170\" src=\"https:\/\/www.latiendasc.es\/wp-content\/uploads\/2024\/05\/cropped-DSC04488-Enhanced-NR.jpg\" title=\"cropped-DSC04488-Enhanced-NR.jpg\" alt=\"\"><\/div> <\/div><\/div> <\/div><div  data-label=\"Features\" data-id=\"features--1\" data-export-id=\"features-16-card-bordered-colored\" data-category=\"features\" class=\"features-16-card-bordered-colored content-section content-section-spacing content-relative\" id=\"features-1\" style=\"background-color: rgb(255, 255, 255); background-image: none;\"><div  class=\"gridContainer\"> <div  class=\"row text-center\"><div  class=\"section-title-col\" data-type=\"column\"> <h2  class=\"\">Col\u00b7laboracions i marques<\/h2> <p  class=\"lead\" style=\"text-align: left;\">Creiem fermament en el poder de la col\u00b7laboraci\u00f3 i en com aquesta pot donar lloc a experi\u00e8ncies \u00faniques i enriquidores. La nostra passi\u00f3 per la m\u00fasica, l'art i la cultura ens ha portat a obrir les nostres portes a talentosos dissenyadors, artistes i creadors que desitgin compartir la seva visi\u00f3 amb el m\u00f3n.<\/p><\/div> <\/div> <div  class=\"row spaced-cols\" data-type=\"row\"> <div  class=\"col-xs-12 col-sm-6 col-md-4\"> <div  class=\"card no-padding bottom-border-color1\"> <img  decoding=\"async\" class=\"face\" src=\"https:\/\/www.latiendasc.es\/wp-content\/uploads\/2023\/07\/cropped-cropped-cropped-WhatsApp-Image-2023-07-30-at-20.11.54-9-1.jpeg\" title=\"cropped-cropped-cropped-WhatsApp-Image-2023-07-30-at-20.11.54-9-1.jpeg\" alt=\"\"> <div  data-type=\"column\" class=\"col-padding-small col-padding-small-xs description-container\"> <h4  class=\"font-500 color1\">@elmundode_rita<\/h4> <p  class=\"\">Rita Hervas Fernandez<br >\nIl\u00b7lustradora i escriptora de la nostra ciutat que ens apassiona amb els seus dissenys tan \u00fanics. Col\u00b7laborem amb ella per a promoure l'art local i enriquir l'experi\u00e8ncia dels nostres clients.<\/p><\/div> <div  data-type=\"column\" class=\"col-padding-small col-padding-small-xs read-more-container\"><\/div> <\/div><\/div> <div  class=\"col-xs-12 col-sm-6 col-md-4\"><div  class=\"card no-padding bottom-border-color1\"> <img  decoding=\"async\" class=\"face\" src=\"https:\/\/www.latiendasc.es\/wp-content\/uploads\/2023\/07\/cropped-Captura-1.png\" title=\"cropped-Captura-1.png\" alt=\"\"> <div  data-type=\"column\" class=\"col-padding-small col-padding-small-xs description-container\"> <h4  class=\"font-500 color1\">Aire Retro<\/h4> <p  class=\"\">\u00abCreem peces amb esperit rock and roll, un cert toc vintage; peces atemporals, fons d'armari que no passen mai de moda.<br >\n<span  style=\"font-weight: 600;\">El nostre lema VIU AMA.\u00bb<\/span><\/p><\/div> <div  data-type=\"column\" class=\"col-padding-small col-padding-small-xs read-more-container\"><\/div> <\/div><\/div> <div  class=\"col-xs-12 col-sm-6 col-md-4\"><div  class=\"card no-padding bottom-border-color1\"> <img  decoding=\"async\" class=\"face\" src=\"https:\/\/www.latiendasc.es\/wp-content\/uploads\/2023\/07\/cropped-WhatsApp-Image-2023-07-30-at-20.11.55-4-1.jpeg\" title=\"cropped-WhatsApp-Image-2023-07-30-at-20.11.55-4-1.jpeg\" alt=\"\"> <div  data-type=\"column\" class=\"col-padding-small col-padding-small-xs description-container\"> <h4  class=\"font-500 color1\">Dissenys de La Tienda SC<\/h4> <p  class=\"\">Els dissenys de Reme s\u00f3n el cor de La Tienda SC. Amb la seva visi\u00f3 \u00fanica i passi\u00f3 creativa, les seves creacions reflecteixen l'ess\u00e8ncia de la nostra gent.<\/p><\/div> <div  data-type=\"column\" class=\"col-padding-small col-padding-small-xs read-more-container\"><\/div> <\/div><\/div> <\/div><\/div> <div  class=\"section-separator-bottom\">\n    <svg  xmlns=\"http:\/\/www.w3.org\/2000\/svg\" viewbox=\"0 0 1000 100\" preserveaspectratio=\"none\" data-separator-name=\"mountains\" class=\"section-separator-bottom\">\n\t<path  class=\"svg-white-bg\" opacity=\"0.33\" d=\"M473,67.3c-203.9,88.3-263.1-34-320.3,0C66,119.1,0,59.7,0,59.7V0h1000v59.7 c0,0-62.1,26.1-94.9,29.3c-32.8,3.3-62.8-12.3-75.8-22.1C806,49.6,745.3,8.7,694.9,4.7S492.4,59,473,67.3z\"><\/path>\n\t<path  class=\"svg-white-bg\" opacity=\"0.66\" d=\"M734,67.3c-45.5,0-77.2-23.2-129.1-39.1c-28.6-8.7-150.3-10.1-254,39.1 s-91.7-34.4-149.2,0C115.7,118.3,0,39.8,0,39.8V0h1000v36.5c0,0-28.2-18.5-92.1-18.5C810.2,18.1,775.7,67.3,734,67.3z\"><\/path>\n\t<path  class=\"svg-white-bg\" d=\"M766.1,28.9c-200-57.5-266,65.5-395.1,19.5C242,1.8,242,5.4,184.8,20.6C128,35.8,132.3,44.9,89.9,52.5C28.6,63.7,0,0,0,0 h1000c0,0-9.9,40.9-83.6,48.1S829.6,47,766.1,28.9z\"><\/path>\n<\/svg>\n<\/div><\/div><div  id=\"nuestros-productos\" style=\"background-color: #f5fafd;\" data-label=\"Nuestros productos\" data-id=\"portfolio-4\" data-export-id=\"portfolio-4\" data-category=\"portfolio\" class=\"portfolio-4 content-section content-section-spacing-top\"><div  class=\"\"> <div  class=\"row text-center\"><div  class=\"section-title-col\" data-type=\"column\"> <h2  class=\"\">ELS NOSTRES PRODUCTES<\/h2> <p  class=\"lead\">Samarretes Org\u00e0niques: sostenibilitat i estil en 100% cot\u00f3<\/p><h5  class=\"\" style=\"text-align: left;\"><span  style=\"font-weight: 600;\">Nuestras camisetas son 100% algod\u00f3n y algod\u00f3n org\u00e1nico certificado, para un menor impacto medioambiental y m\u00e1s suaves al tacto. Somos conscientes del problema que existe en el mundo textil, con la producci\u00f3n descontrolada de ropa y por eso desde nuestro peque\u00f1o comercio apostamos por productos reciclados y hechos \u00e9ticamente.<\/span><br ><span  style=\"font-weight: 600;\">\nValoramos el comercio local y a l@s peque\u00f1@s emprendedor@s como La Tienda y por esta raz\u00f3n trabajamos con marcas de producci\u00f3n local, creemos que de esta forma los beneficios sociales, econ\u00f3micos y ambientales recaen en nuestro \u00e1mbito.<\/span><\/h5><a  class=\"button color1\" href=\"https:\/\/www.latiendasc.es\/ca\/nuestros-productos\/\" target=\"_self\" data-cp-link=\"1\" data-icon=\"\" rel=\"noopener\">M\u00e9s info<\/a><\/div> <\/div> <div  data-type=\"row\" class=\"row\" data-fixed=\"true\">     <div  class=\"col-xs-12 col-sm-3 no-gutter-col\"><div  class=\"contentswap-effect\" data-hover-fx=\"portfolio-4\"> <div  class=\"initial-image\"> <img  decoding=\"async\" data-size=\"542x360\" src=\"https:\/\/www.latiendasc.es\/wp-content\/uploads\/2023\/07\/cropped-WhatsApp-Image-2023-07-30-at-20.11.54-9.jpeg\"><\/div> <div  class=\"overlay bg-color1\"><\/div> <div  class=\"swap-inner col-xs-12\"> <div  class=\"row full-height-row middle-xs middle-sm\"> <div  class=\"col-xs-12 text-center content-holder\"> <a  href=\"https:\/\/www.latiendasc.es\/ca\/nuestros-productos\/\" target=\"_self\" rel=\"noopener\"><i  class=\"fa icon portfolio-icon fa-search big color-black\" aria-hidden=\"true\"><\/i><\/a><\/div> <\/div><\/div> <\/div><\/div> <div  class=\"col-xs-12 col-sm-3 no-gutter-col\"><div  class=\"contentswap-effect\" data-hover-fx=\"portfolio-4\"> <div  class=\"initial-image\"> <img  decoding=\"async\" data-size=\"542x360\" src=\"https:\/\/www.latiendasc.es\/wp-content\/uploads\/2023\/07\/cropped-WhatsApp-Image-2023-07-30-at-20.11.54-8.jpeg\"><\/div> <div  class=\"overlay bg-color1\"><\/div> <div  class=\"swap-inner col-xs-12\"> <div  class=\"row full-height-row middle-xs middle-sm\"> <div  class=\"col-xs-12 text-center content-holder\"> <a  href=\"https:\/\/www.latiendasc.es\/ca\/nuestros-productos\/\" target=\"_self\" rel=\"noopener\"><i  class=\"fa icon portfolio-icon fa-search big color-black\" aria-hidden=\"true\"><\/i><\/a><\/div> <\/div><\/div> <\/div><\/div> <div  class=\"col-xs-12 col-sm-3 no-gutter-col\"><div  class=\"contentswap-effect\" data-hover-fx=\"portfolio-4\"> <div  class=\"initial-image\"> <img  decoding=\"async\" data-size=\"542x360\" src=\"https:\/\/www.latiendasc.es\/wp-content\/uploads\/2023\/07\/cropped-WhatsApp-Image-2023-07-30-at-20.11.55-11.jpeg\"><\/div> <div  class=\"overlay bg-color1\"><\/div> <div  class=\"swap-inner col-xs-12\"> <div  class=\"row full-height-row middle-xs middle-sm\"> <div  class=\"col-xs-12 text-center content-holder\"> <a  href=\"https:\/\/www.latiendasc.es\/ca\/nuestros-productos\/\" target=\"_self\" rel=\"noopener\"><i  class=\"fa icon portfolio-icon fa-search big color-black\" aria-hidden=\"true\"><\/i><\/a><\/div> <\/div><\/div> <\/div><\/div> <div  class=\"col-xs-12 col-sm-3 no-gutter-col\"><div  class=\"contentswap-effect\" data-hover-fx=\"portfolio-4\"> <div  class=\"initial-image\"> <img  decoding=\"async\" data-size=\"542x360\" src=\"https:\/\/www.latiendasc.es\/wp-content\/uploads\/2023\/07\/cropped-WhatsApp-Image-2023-07-30-at-20.11.55-4.jpeg\"><\/div> <div  class=\"overlay bg-color1\"><\/div> <div  class=\"swap-inner col-xs-12\"> <div  class=\"row full-height-row middle-xs middle-sm\"> <div  class=\"col-xs-12 text-center content-holder\"> <a  href=\"https:\/\/www.latiendasc.es\/ca\/nuestros-productos\/\" target=\"_self\" rel=\"noopener\"><i  class=\"fa icon portfolio-icon fa-search big color-black\" aria-hidden=\"true\"><\/i><\/a><\/div> <\/div><\/div> <\/div><\/div> <\/div><\/div> <\/div><div  id=\"blog\" style=\"background-color: #f5fafd;\" data-label=\"Blog\" data-id=\"blog-section\" data-export-id=\"blog-section\" data-category=\"latest_news\" class=\"blog-section blog-section-standard content-section content-section-spacing content-relative\"><div  class=\"section-separator-top\">\n    <svg  xmlns=\"http:\/\/www.w3.org\/2000\/svg\" viewbox=\"0 0 1000 100\" preserveaspectratio=\"none\" data-separator-name=\"mountains\" class=\"section-separator-top\">\n\t<path  class=\"svg-white-bg\" opacity=\"0.33\" d=\"M473,67.3c-203.9,88.3-263.1-34-320.3,0C66,119.1,0,59.7,0,59.7V0h1000v59.7 c0,0-62.1,26.1-94.9,29.3c-32.8,3.3-62.8-12.3-75.8-22.1C806,49.6,745.3,8.7,694.9,4.7S492.4,59,473,67.3z\"><\/path>\n\t<path  class=\"svg-white-bg\" opacity=\"0.66\" d=\"M734,67.3c-45.5,0-77.2-23.2-129.1-39.1c-28.6-8.7-150.3-10.1-254,39.1 s-91.7-34.4-149.2,0C115.7,118.3,0,39.8,0,39.8V0h1000v36.5c0,0-28.2-18.5-92.1-18.5C810.2,18.1,775.7,67.3,734,67.3z\"><\/path>\n\t<path  class=\"svg-white-bg\" d=\"M766.1,28.9c-200-57.5-266,65.5-395.1,19.5C242,1.8,242,5.4,184.8,20.6C128,35.8,132.3,44.9,89.9,52.5C28.6,63.7,0,0,0,0 h1000c0,0-9.9,40.9-83.6,48.1S829.6,47,766.1,28.9z\"><\/path>\n<\/svg>\n<\/div><div  class=\"gridContainer\"><div  data-section-title-area=\"true\" class=\"row text-center\">   <div  class=\"section-title-col\" data-type=\"column\">       <h2  class=\"\">El Blog<\/h2>       <p  class=\"lead\">No perdis detall de les nostres activitats.<\/p>   <\/div><\/div>  <div  class=\"row\"> <div  data-type=\"row\" data-dynamic-columns=\"handled\" data-content-shortcode=\"mesmerize_latest_news\">\t\t<div class=\"row center-sm content-left-sm\">\n\t\t\t\t\t<div id=\"post-206\" class=\"col-sm-6 col-md-4 space-bottom space-bottom-xs\">\n\t\t\t\t<div class=\"post-content card y-move bordered\">\n\t\t\t\t\t<div class=\"post-thumbnail\">\n   <a href=\"https:\/\/www.latiendasc.es\/ca\/2023\/07\/30\/sesion-pinchadiscos-30-7-2023\/\" class=\"post-list-item-thumb\">\n      <img loading=\"lazy\" decoding=\"async\" width=\"1024\" height=\"1280\" src=\"https:\/\/www.latiendasc.es\/wp-content\/uploads\/2023\/07\/Evento-1024x1280.jpeg\" class=\"attachment-post-thumbnail size-post-thumbnail wp-post-image\" alt=\"\" srcset=\"https:\/\/www.latiendasc.es\/wp-content\/uploads\/2023\/07\/Evento-1024x1280.jpeg 1024w, https:\/\/www.latiendasc.es\/wp-content\/uploads\/2023\/07\/Evento-240x300.jpeg 240w, https:\/\/www.latiendasc.es\/wp-content\/uploads\/2023\/07\/Evento-819x1024.jpeg 819w, https:\/\/www.latiendasc.es\/wp-content\/uploads\/2023\/07\/Evento-768x960.jpeg 768w, https:\/\/www.latiendasc.es\/wp-content\/uploads\/2023\/07\/Evento-864x1080.jpeg 864w, https:\/\/www.latiendasc.es\/wp-content\/uploads\/2023\/07\/Evento.jpeg 1080w\" sizes=\"auto, (max-width: 1024px) 100vw, 1024px\" \/>   <\/a>\n<\/div>\n\t\t\t\t\t<div class=\"col-padding col-padding-xs\">\n\t\t\t\t\t\t<h3 class=\"post-title space-bottom-small\">\n\t\t\t\t\t\t\t<a href=\"https:\/\/www.latiendasc.es\/ca\/2023\/07\/30\/sesion-pinchadiscos-30-7-2023\/\" rel=\"bookmark\">\n\t\t\t\t\t\t\t\tSessi\u00f3 discj\u00f2quei 30\/7\/2023\t\t\t\t\t\t\t<\/a>\n\t\t\t\t\t\t<\/h3>\n\t\t\t\t\t\t<p>Si aquest Diumenge encara no esteu de vacances la cap i el cap estarem posant uns discos en el 9 aniversari del nostre lloc favorit del m\u00f3n @sagradestanninesOs esperem<\/p>\n\t\t\t\t\t\t<a class=\"read-more link\" href=\"https:\/\/www.latiendasc.es\/ca\/2023\/07\/30\/sesion-pinchadiscos-30-7-2023\/\">\n\t\t\t\t\t\t\tllegir mes\t\t\t\t\t\t<\/a>\n\t\t\t\t\t<\/div>\n\t\t\t\t<\/div>\n\t\t\t<\/div>\n\t\t\t\t<\/div>\n\t<\/div><\/div> <div  class=\"row\"><div  class=\"text-center\"> <a  class=\"button color1\" data-attr-shortcode=\"href:mesmerize_blog_link\" href=\"https:\/\/www.latiendasc.es\/ca\/blog\/\" data-icon=\"\">Veure totes les publicacions<\/a><\/div> <\/div><\/div><\/div><div  id=\"contacto\" data-label=\"Contacto\" data-id=\"contact-1\" data-export-id=\"contact-1\" data-category=\"contact\" class=\"contact-1 content-section content-section-spacing white-text\" data-parallax-depth=\"20\" style=\"background-image: url(&quot;https:\/\/www.latiendasc.es\/wp-content\/uploads\/2023\/07\/P8010258.jpg&quot;); background-size: cover; background-position: top;\"><div  class=\"gridContainer\"> <div  class=\"row text-center\"><div  class=\"section-title-col\" data-type=\"column\"> <h2  class=\"\">Contacta'ns!<\/h2> <p  class=\"lead\">Pots utilitzar el formulari que hi ha sota per a enviar-nos la teva consulta<\/p><\/div> <\/div> <div  class=\"row text-center\"> <div  class=\"col-xs-12 col-sm-8 col-sm-offset-2 contact-form-wrapper inline-info\"> <div  class=\"card large-padding\"> <div  class=\"\" data-content-shortcode=\"mesmerize_contact_form shortcode=&quot;wpforms id=&amp;amp;quot;194&amp;amp;quot;&quot;\" data-editable=\"true\"><div class=\"wpforms-container wpforms-container-full wpforms-render-modern\" id=\"wpforms-194\"><form id=\"wpforms-form-194\" class=\"wpforms-validate wpforms-form wpforms-ajax-form\" data-formid=\"194\" method=\"post\" enctype=\"multipart\/form-data\" action=\"\/ca\/wp-json\/wp\/v2\/pages\/6\" data-token=\"c2894835b09dff2ec29206a13289c9f1\" data-trp-original-action=\"\/ca\/wp-json\/wp\/v2\/pages\/6\"><noscript class=\"wpforms-error-noscript\">Activeu el JavaScript al navegador per a poder completar el formulari.<\/noscript><div class=\"wpforms-hidden\" id=\"wpforms-error-noscript\">Activeu el JavaScript al navegador per a poder completar el formulari.<\/div><div class=\"wpforms-field-container\"><div id=\"wpforms-194-field_0-container\" class=\"wpforms-field wpforms-field-name\" data-field-id=\"0\"><fieldset><legend class=\"wpforms-field-label\">NOM <span class=\"wpforms-required-label\" aria-hidden=\"true\">*<\/span><\/legend><div class=\"wpforms-field-row wpforms-field-medium\"><div class=\"wpforms-field-row-block wpforms-first wpforms-one-half\"><input type=\"text\" id=\"wpforms-194-field_0\" class=\"wpforms-field-name-first wpforms-field-required\" name=\"wpforms[fields][0][first]\" aria-errormessage=\"wpforms-194-field_0-error\" required><label for=\"wpforms-194-field_0\" class=\"wpforms-field-sublabel after\">Nom<\/label><\/div><div class=\"wpforms-field-row-block wpforms-one-half\"><input type=\"text\" id=\"wpforms-194-field_0-last\" class=\"wpforms-field-name-last wpforms-field-required\" name=\"wpforms[fields][0][last]\" aria-errormessage=\"wpforms-194-field_0-last-error\" required><label for=\"wpforms-194-field_0-last\" class=\"wpforms-field-sublabel after\">Cognoms<\/label><\/div><\/div><\/fieldset><\/div><div id=\"wpforms-194-field_1-container\" class=\"wpforms-field wpforms-field-email\" data-field-id=\"1\"><label class=\"wpforms-field-label\" for=\"wpforms-194-field_1\">Correu electr\u00f2nic <span class=\"wpforms-required-label\" aria-hidden=\"true\">*<\/span><\/label><input type=\"email\" id=\"wpforms-194-field_1\" class=\"wpforms-field-medium wpforms-field-required\" name=\"wpforms[fields][1]\" spellcheck=\"false\" aria-errormessage=\"wpforms-194-field_1-error\" required><\/div><div id=\"wpforms-194-field_2-container\" class=\"wpforms-field wpforms-field-textarea\" data-field-id=\"2\"><label class=\"wpforms-field-label\" for=\"wpforms-194-field_2\">Comentari o missatge<\/label><textarea id=\"wpforms-194-field_2\" class=\"wpforms-field-medium\" name=\"wpforms[fields][2]\" aria-errormessage=\"wpforms-194-field_2-error\" ><\/textarea><\/div><\/div><!-- .wpforms-field-container --><div class=\"wpforms-submit-container\" ><input type=\"hidden\" name=\"wpforms[id]\" value=\"194\"><input type=\"hidden\" name=\"wpforms[author]\" value=\"1\"><button type=\"submit\" name=\"wpforms[submit]\" id=\"wpforms-submit-194\" class=\"wpforms-submit\" data-alt-text=\"Enviando...\" data-submit-text=\"Enviar\" aria-live=\"assertive\" value=\"wpforms-submit\">Enviar<\/button><img loading=\"lazy\" decoding=\"async\" src=\"https:\/\/www.latiendasc.es\/wp-content\/plugins\/wpforms-lite\/assets\/images\/submit-spin.svg\" class=\"wpforms-submit-spinner\" style=\"display: none;\" width=\"26\" height=\"26\" alt=\"S&#039;est\u00e0 carregant\"><\/div><input type=\"hidden\" name=\"trp-form-language\" value=\"ca\"\/><\/form><\/div>  <!-- .wpforms-container --><\/div><\/div> <\/div><\/div> <\/div><\/div>","protected":false},"excerpt":{"rendered":"<p>Qui\u00e9nes somos La Tienda SC Nuestra historia de pasi\u00f3n por la m\u00fasica y la moda alternativa en Santa Coloma de Gramenet. Nuestra historia La Tienda SC se renueva Casi todos nuestros productos favoritos ahora en tienda online. \u00bfQu\u00e9 esperas para comenzar a comprar? \u00a1Entra YA! Colaboraciones y marcas Creemos firmemente en el poder de la&hellip; <br \/> <a class=\"read-more\" href=\"https:\/\/www.latiendasc.es\/ca\/2023\/07\/30\/sesion-pinchadiscos-30-7-2023\/\">llegir mes<\/a><\/p>","protected":false},"author":1,"featured_media":0,"parent":0,"menu_order":0,"comment_status":"closed","ping_status":"closed","template":"page-templates\/homepage.php","meta":{"footnotes":""},"class_list":["post-6","page","type-page","status-publish","hentry"],"_links":{"self":[{"href":"https:\/\/www.latiendasc.es\/ca\/wp-json\/wp\/v2\/pages\/6","targetHints":{"allow":["GET"]}}],"collection":[{"href":"https:\/\/www.latiendasc.es\/ca\/wp-json\/wp\/v2\/pages"}],"about":[{"href":"https:\/\/www.latiendasc.es\/ca\/wp-json\/wp\/v2\/types\/page"}],"author":[{"embeddable":true,"href":"https:\/\/www.latiendasc.es\/ca\/wp-json\/wp\/v2\/users\/1"}],"replies":[{"embeddable":true,"href":"https:\/\/www.latiendasc.es\/ca\/wp-json\/wp\/v2\/comments?post=6"}],"version-history":[{"count":31,"href":"https:\/\/www.latiendasc.es\/ca\/wp-json\/wp\/v2\/pages\/6\/revisions"}],"predecessor-version":[{"id":332,"href":"https:\/\/www.latiendasc.es\/ca\/wp-json\/wp\/v2\/pages\/6\/revisions\/332"}],"wp:attachment":[{"href":"https:\/\/www.latiendasc.es\/ca\/wp-json\/wp\/v2\/media?parent=6"}],"curies":[{"name":"wp","href":"https:\/\/api.w.org\/{rel}","templated":true}]}}